{"id":4268,"date":"2023-08-30T10:59:20","date_gmt":"2023-08-30T18:59:20","guid":{"rendered":"https:\/\/hectorherrera.mx\/?page_id=4268"},"modified":"2023-09-02T20:00:37","modified_gmt":"2023-09-03T04:00:37","slug":"naufragio","status":"publish","type":"page","link":"https:\/\/hectorherrera.mx\/index.php\/residencias\/refugio\/naufragio\/","title":{"rendered":"Naufragio"},"content":{"rendered":"<p><div class=\"fusion-fullwidth fullwidth-box fusion-builder-row-1 fusion-flex-container nonhundred-percent-fullwidth non-hundred-percent-height-scrolling\" style=\"--awb-border-radius-top-left:0px;--awb-border-radius-top-right:0px;--awb-border-radius-bottom-right:0px;--awb-border-radius-bottom-left:0px;\" ><div class=\"fusion-builder-row fusion-row fusion-flex-align-items-flex-start\" style=\"max-width:1248px;margin-left: calc(-4% \/ 2 );margin-right: calc(-4% \/ 2 );\"><div class=\"fusion-layout-column fusion_builder_column fusion-builder-column-0 fusion_builder_column_1_1 1_1 fusion-flex-column\" style=\"--awb-bg-size:cover;--awb-width-large:100%;--awb-margin-top-large:0px;--awb-spacing-right-large:1.92%;--awb-margin-bottom-large:20px;--awb-spacing-left-large:1.92%;--awb-width-medium:100%;--awb-order-medium:0;--awb-spacing-right-medium:1.92%;--awb-spacing-left-medium:1.92%;--awb-width-small:100%;--awb-order-small:0;--awb-spacing-right-small:1.92%;--awb-spacing-left-small:1.92%;\"><div class=\"fusion-column-wrapper fusion-column-has-shadow fusion-flex-justify-content-flex-start fusion-content-layout-column\"><div class=\"fusion-breadcrumbs awb-yoast-breadcrumbs fusion-breadcrumbs-1\" style=\"--awb-margin-bottom:10px;--awb-alignment:left;text-align:left;\"><span><span><a href=\"https:\/\/hectorherrera.mx\/\">Inicio<\/a><\/span><\/span><\/div><div class=\"fusion-image-element \" style=\"text-align:center;--awb-caption-title-size:var(--h2_typography-font-size);--awb-caption-title-transform:var(--h2_typography-text-transform);--awb-caption-title-line-height:var(--h2_typography-line-height);--awb-caption-title-letter-spacing:var(--h2_typography-letter-spacing);\"><span class=\" fusion-imageframe imageframe-none imageframe-1 hover-type-none\"><img decoding=\"async\" width=\"1200\" height=\"570\" title=\"naufragio\" src=\"https:\/\/hectorherrera.mx\/wp-content\/uploads\/naufragio-scaled.jpeg\" data-orig-src=\"https:\/\/hectorherrera.mx\/wp-content\/uploads\/naufragio-1200x570.jpeg\" alt class=\"lazyload img-responsive wp-image-4269\" srcset=\"data:image\/svg+xml,%3Csvg%20xmlns%3D%27http%3A%2F%2Fwww.w3.org%2F2000%2Fsvg%27%20width%3D%272560%27%20height%3D%271216%27%20viewBox%3D%270%200%202560%201216%27%3E%3Crect%20width%3D%272560%27%20height%3D%271216%27%20fill-opacity%3D%220%22%2F%3E%3C%2Fsvg%3E\" data-srcset=\"https:\/\/hectorherrera.mx\/wp-content\/uploads\/naufragio-200x95.jpeg 200w, https:\/\/hectorherrera.mx\/wp-content\/uploads\/naufragio-400x190.jpeg 400w, https:\/\/hectorherrera.mx\/wp-content\/uploads\/naufragio-600x285.jpeg 600w, https:\/\/hectorherrera.mx\/wp-content\/uploads\/naufragio-800x380.jpeg 800w, https:\/\/hectorherrera.mx\/wp-content\/uploads\/naufragio-1200x570.jpeg 1200w\" data-sizes=\"auto\" data-orig-sizes=\"(max-width: 640px) 100vw, 1200px\" \/><\/span><\/div><\/div><\/div><\/div><\/div><div class=\"fusion-fullwidth fullwidth-box fusion-builder-row-2 fusion-flex-container has-pattern-background has-mask-background div-800 nonhundred-percent-fullwidth non-hundred-percent-height-scrolling\" style=\"--awb-border-radius-top-left:0px;--awb-border-radius-top-right:0px;--awb-border-radius-bottom-right:0px;--awb-border-radius-bottom-left:0px;--awb-margin-top:20px;--awb-margin-bottom:40px;\" ><div class=\"fusion-builder-row fusion-row fusion-flex-align-items-flex-end\" style=\"max-width:1248px;margin-left: calc(-4% \/ 2 );margin-right: calc(-4% \/ 2 );\"><div class=\"fusion-layout-column fusion_builder_column fusion-builder-column-1 fusion_builder_column_1_2 1_2 fusion-flex-column\" style=\"--awb-bg-size:cover;--awb-width-large:50%;--awb-margin-top-large:0px;--awb-spacing-right-large:3.84%;--awb-margin-bottom-large:20px;--awb-spacing-left-large:3.84%;--awb-width-medium:50%;--awb-order-medium:0;--awb-spacing-right-medium:3.84%;--awb-spacing-left-medium:3.84%;--awb-width-small:100%;--awb-order-small:0;--awb-spacing-right-small:1.92%;--awb-spacing-left-small:1.92%;\"><div class=\"fusion-column-wrapper fusion-column-has-shadow fusion-flex-justify-content-flex-start fusion-content-layout-column\"><div class=\"fusion-title title fusion-title-1 fusion-sep-none fusion-title-text fusion-title-size-one\" style=\"--awb-text-color:var(--awb-color3);--awb-font-size:48px;\"><h1 class=\"title-heading-left\" style=\"margin:0;font-size:1em;text-transform:uppercase;\">Naufragio<\/h1><\/div><div class=\"fusion-text fusion-text-1\"><p>2023<br \/>\nAcr\u00edlico modificado \/ muro<\/p>\n<\/div><\/div><\/div><div class=\"fusion-layout-column fusion_builder_column fusion-builder-column-2 fusion_builder_column_1_2 1_2 fusion-flex-column\" style=\"--awb-bg-size:cover;--awb-width-large:50%;--awb-margin-top-large:0px;--awb-spacing-right-large:3.84%;--awb-margin-bottom-large:20px;--awb-spacing-left-large:3.84%;--awb-width-medium:50%;--awb-order-medium:0;--awb-spacing-right-medium:3.84%;--awb-spacing-left-medium:3.84%;--awb-width-small:100%;--awb-order-small:0;--awb-spacing-right-small:1.92%;--awb-spacing-left-small:1.92%;\"><div class=\"fusion-column-wrapper fusion-column-has-shadow fusion-flex-justify-content-flex-start fusion-content-layout-column\"><div class=\"fusion-text fusion-text-2\"><p><em>\u201cHuir\u00e9 de todo para abrazar con indiferencia la muerte\u201d.<\/em><\/p>\n<p>Naufragio fue un mural realizado en el las calles de Castell\u00f3n dentro de la Residencia, la obra fue destruida y s\u00f3lo quedan las reproducciones en Gicl\u00e9e.<\/p>\n<\/div><\/div><\/div><div class=\"fusion-layout-column fusion_builder_column fusion-builder-column-3 fusion_builder_column_1_1 1_1 fusion-flex-column\" style=\"--awb-bg-size:cover;--awb-width-large:100%;--awb-margin-top-large:0px;--awb-spacing-right-large:1.92%;--awb-margin-bottom-large:20px;--awb-spacing-left-large:1.92%;--awb-width-medium:100%;--awb-order-medium:0;--awb-spacing-right-medium:1.92%;--awb-spacing-left-medium:1.92%;--awb-width-small:100%;--awb-order-small:0;--awb-spacing-right-small:1.92%;--awb-spacing-left-small:1.92%;\"><div class=\"fusion-column-wrapper fusion-column-has-shadow fusion-flex-justify-content-flex-start fusion-content-layout-column\"><div class=\"fusion-woo-product-grid fusion-product-archive fusion-woo-product-grid-1\"><ul class=\"products products-3\"><li class=\"product type-product post-4341 status-publish first instock product_cat-refugio product_tag-naufragio has-post-thumbnail shipping-taxable purchasable product-type-simple product-grid-view\">\n\t<div class=\"fusion-product-wrapper\">\n<div class=\"fusion-clean-product-image-wrapper \">\n\t<div  class=\"fusion-image-wrapper fusion-image-size-fixed\" aria-haspopup=\"true\">\n\t\t\t\t\t\t\t<a href=\"https:\/\/hectorherrera.mx\/index.php\/product\/naufragio-giclee\/\" aria-label=\"Naufragio &#8211; Gicl\u00e9e\">\n\t\t\t\t\t\t\t<img width=\"500\" height=\"500\" src=\"https:\/\/hectorherrera.mx\/wp-content\/uploads\/naufragio_giclee-500x500.jpg\" class=\"attachment-woocommerce_thumbnail size-woocommerce_thumbnail lazyload wp-post-image\" alt=\"\" decoding=\"async\" srcset=\"data:image\/svg+xml,%3Csvg%20xmlns%3D%27http%3A%2F%2Fwww.w3.org%2F2000%2Fsvg%27%20width%3D%271000%27%20height%3D%271000%27%20viewBox%3D%270%200%201000%201000%27%3E%3Crect%20width%3D%271000%27%20height%3D%271000%27%20fill-opacity%3D%220%22%2F%3E%3C%2Fsvg%3E\" data-orig-src=\"https:\/\/hectorherrera.mx\/wp-content\/uploads\/naufragio_giclee-500x500.jpg\" data-srcset=\"https:\/\/hectorherrera.mx\/wp-content\/uploads\/naufragio_giclee-66x66.jpg 66w, https:\/\/hectorherrera.mx\/wp-content\/uploads\/naufragio_giclee-150x150.jpg 150w, https:\/\/hectorherrera.mx\/wp-content\/uploads\/naufragio_giclee-200x200.jpg 200w, https:\/\/hectorherrera.mx\/wp-content\/uploads\/naufragio_giclee-300x300.jpg 300w, https:\/\/hectorherrera.mx\/wp-content\/uploads\/naufragio_giclee-400x400.jpg 400w, https:\/\/hectorherrera.mx\/wp-content\/uploads\/naufragio_giclee-500x500.jpg 500w, https:\/\/hectorherrera.mx\/wp-content\/uploads\/naufragio_giclee-600x600.jpg 600w, https:\/\/hectorherrera.mx\/wp-content\/uploads\/naufragio_giclee-700x700.jpg 700w, https:\/\/hectorherrera.mx\/wp-content\/uploads\/naufragio_giclee-768x768.jpg 768w, https:\/\/hectorherrera.mx\/wp-content\/uploads\/naufragio_giclee-800x800.jpg 800w, https:\/\/hectorherrera.mx\/wp-content\/uploads\/naufragio_giclee.jpg 1000w\" data-sizes=\"auto\" \/><div class=\"cart-loading\"><i class=\"awb-icon-spinner\" aria-hidden=\"true\"><\/i><\/div>\t\t\t<\/a>\n\t\t\t\t\t\t\t<\/div>\n<\/div>\n<div class=\"fusion-product-content\">\n\t<div class=\"product-details\">\n\t\t<div class=\"product-details-container\">\n<h3 class=\"product-title\">\n\t<a href=\"https:\/\/hectorherrera.mx\/index.php\/product\/naufragio-giclee\/\">\n\t\tNaufragio &#8211; Gicl\u00e9e\t<\/a>\n<\/h3>\n<div class=\"fusion-price-rating\">\n\t\t<\/div>\n\t<\/div>\n<\/div>\n\n\t<\/div> \n\n\n<\/div>\n<\/li>\n<\/ul><div class=\"fusion-woo-product-grid-pagination fusion-clearfix\"><\/div><\/div><\/div><\/div><div class=\"fusion-layout-column fusion_builder_column fusion-builder-column-4 fusion_builder_column_1_1 1_1 fusion-flex-column\" style=\"--awb-bg-size:cover;--awb-width-large:100%;--awb-margin-top-large:0px;--awb-spacing-right-large:1.92%;--awb-margin-bottom-large:0px;--awb-spacing-left-large:1.92%;--awb-width-medium:100%;--awb-spacing-right-medium:1.92%;--awb-spacing-left-medium:1.92%;--awb-width-small:100%;--awb-spacing-right-small:1.92%;--awb-spacing-left-small:1.92%;\"><div class=\"fusion-column-wrapper fusion-flex-justify-content-flex-start fusion-content-layout-column\"><\/div><\/div><\/div><\/div><\/p>\n","protected":false},"excerpt":{"rendered":"","protected":false},"author":1,"featured_media":0,"parent":4231,"menu_order":0,"comment_status":"closed","ping_status":"closed","template":"100-width.php","meta":[],"yoast_head":"<!-- This site is optimized with the Yoast SEO plugin v20.8 - https:\/\/yoast.com\/wordpress\/plugins\/seo\/ -->\n<title>Naufragio - Hector Herrera<\/title>\n<meta name=\"robots\" content=\"index, follow, max-snippet:-1, max-image-preview:large, max-video-preview:-1\" \/>\n<link rel=\"canonical\" href=\"https:\/\/hectorherrera.mx\/index.php\/residencias\/refugio\/naufragio\/\" \/>\n<meta property=\"og:locale\" content=\"es_MX\" \/>\n<meta property=\"og:type\" content=\"article\" \/>\n<meta property=\"og:title\" content=\"Naufragio - Hector Herrera\" \/>\n<meta property=\"og:url\" content=\"https:\/\/hectorherrera.mx\/index.php\/residencias\/refugio\/naufragio\/\" \/>\n<meta property=\"og:site_name\" content=\"Hector Herrera\" \/>\n<meta property=\"article:modified_time\" content=\"2023-09-03T04:00:37+00:00\" \/>\n<meta name=\"twitter:card\" content=\"summary_large_image\" \/>\n<meta name=\"twitter:label1\" content=\"Tiempo de lectura\" \/>\n\t<meta name=\"twitter:data1\" content=\"5 minutos\" \/>\n<script type=\"application\/ld+json\" class=\"yoast-schema-graph\">{\"@context\":\"https:\/\/schema.org\",\"@graph\":[{\"@type\":\"WebPage\",\"@id\":\"https:\/\/hectorherrera.mx\/index.php\/residencias\/refugio\/naufragio\/\",\"url\":\"https:\/\/hectorherrera.mx\/index.php\/residencias\/refugio\/naufragio\/\",\"name\":\"Naufragio - Hector Herrera\",\"isPartOf\":{\"@id\":\"https:\/\/hectorherrera.mx\/#website\"},\"datePublished\":\"2023-08-30T18:59:20+00:00\",\"dateModified\":\"2023-09-03T04:00:37+00:00\",\"breadcrumb\":{\"@id\":\"https:\/\/hectorherrera.mx\/index.php\/residencias\/refugio\/naufragio\/#breadcrumb\"},\"inLanguage\":\"es-MX\",\"potentialAction\":[{\"@type\":\"ReadAction\",\"target\":[\"https:\/\/hectorherrera.mx\/index.php\/residencias\/refugio\/naufragio\/\"]}]},{\"@type\":\"BreadcrumbList\",\"@id\":\"https:\/\/hectorherrera.mx\/index.php\/residencias\/refugio\/naufragio\/#breadcrumb\",\"itemListElement\":[{\"@type\":\"ListItem\",\"position\":1,\"name\":\"Inicio\",\"item\":\"https:\/\/hectorherrera.mx\/\"},{\"@type\":\"ListItem\",\"position\":2,\"name\":\"RESIDENCIAS\",\"item\":\"https:\/\/hectorherrera.mx\/index.php\/residencias\/\"},{\"@type\":\"ListItem\",\"position\":3,\"name\":\"Refugio\",\"item\":\"https:\/\/hectorherrera.mx\/index.php\/residencias\/refugio\/\"},{\"@type\":\"ListItem\",\"position\":4,\"name\":\"Naufragio\"}]},{\"@type\":\"WebSite\",\"@id\":\"https:\/\/hectorherrera.mx\/#website\",\"url\":\"https:\/\/hectorherrera.mx\/\",\"name\":\"Hector Herrera\",\"description\":\"Artista pl\u00e1stico\",\"publisher\":{\"@id\":\"https:\/\/hectorherrera.mx\/#\/schema\/person\/ca4ab9ce135ba2fb27c2abce64a809ad\"},\"potentialAction\":[{\"@type\":\"SearchAction\",\"target\":{\"@type\":\"EntryPoint\",\"urlTemplate\":\"https:\/\/hectorherrera.mx\/?s={search_term_string}\"},\"query-input\":\"required name=search_term_string\"}],\"inLanguage\":\"es-MX\"},{\"@type\":[\"Person\",\"Organization\"],\"@id\":\"https:\/\/hectorherrera.mx\/#\/schema\/person\/ca4ab9ce135ba2fb27c2abce64a809ad\",\"name\":\"H\u00e9ctor Herrera\",\"image\":{\"@type\":\"ImageObject\",\"inLanguage\":\"es-MX\",\"@id\":\"https:\/\/hectorherrera.mx\/#\/schema\/person\/image\/\",\"url\":\"https:\/\/hectorherrera.mx\/wp-content\/uploads\/HH-logo-negro.png\",\"contentUrl\":\"https:\/\/hectorherrera.mx\/wp-content\/uploads\/HH-logo-negro.png\",\"width\":64,\"height\":66,\"caption\":\"H\u00e9ctor Herrera\"},\"logo\":{\"@id\":\"https:\/\/hectorherrera.mx\/#\/schema\/person\/image\/\"}}]}<\/script>\n<!-- \/ Yoast SEO plugin. -->","yoast_head_json":{"title":"Naufragio - Hector Herrera","robots":{"index":"index","follow":"follow","max-snippet":"max-snippet:-1","max-image-preview":"max-image-preview:large","max-video-preview":"max-video-preview:-1"},"canonical":"https:\/\/hectorherrera.mx\/index.php\/residencias\/refugio\/naufragio\/","og_locale":"es_MX","og_type":"article","og_title":"Naufragio - Hector Herrera","og_url":"https:\/\/hectorherrera.mx\/index.php\/residencias\/refugio\/naufragio\/","og_site_name":"Hector Herrera","article_modified_time":"2023-09-03T04:00:37+00:00","twitter_card":"summary_large_image","twitter_misc":{"Tiempo de lectura":"5 minutos"},"schema":{"@context":"https:\/\/schema.org","@graph":[{"@type":"WebPage","@id":"https:\/\/hectorherrera.mx\/index.php\/residencias\/refugio\/naufragio\/","url":"https:\/\/hectorherrera.mx\/index.php\/residencias\/refugio\/naufragio\/","name":"Naufragio - Hector Herrera","isPartOf":{"@id":"https:\/\/hectorherrera.mx\/#website"},"datePublished":"2023-08-30T18:59:20+00:00","dateModified":"2023-09-03T04:00:37+00:00","breadcrumb":{"@id":"https:\/\/hectorherrera.mx\/index.php\/residencias\/refugio\/naufragio\/#breadcrumb"},"inLanguage":"es-MX","potentialAction":[{"@type":"ReadAction","target":["https:\/\/hectorherrera.mx\/index.php\/residencias\/refugio\/naufragio\/"]}]},{"@type":"BreadcrumbList","@id":"https:\/\/hectorherrera.mx\/index.php\/residencias\/refugio\/naufragio\/#breadcrumb","itemListElement":[{"@type":"ListItem","position":1,"name":"Inicio","item":"https:\/\/hectorherrera.mx\/"},{"@type":"ListItem","position":2,"name":"RESIDENCIAS","item":"https:\/\/hectorherrera.mx\/index.php\/residencias\/"},{"@type":"ListItem","position":3,"name":"Refugio","item":"https:\/\/hectorherrera.mx\/index.php\/residencias\/refugio\/"},{"@type":"ListItem","position":4,"name":"Naufragio"}]},{"@type":"WebSite","@id":"https:\/\/hectorherrera.mx\/#website","url":"https:\/\/hectorherrera.mx\/","name":"Hector Herrera","description":"Artista pl\u00e1stico","publisher":{"@id":"https:\/\/hectorherrera.mx\/#\/schema\/person\/ca4ab9ce135ba2fb27c2abce64a809ad"},"potentialAction":[{"@type":"SearchAction","target":{"@type":"EntryPoint","urlTemplate":"https:\/\/hectorherrera.mx\/?s={search_term_string}"},"query-input":"required name=search_term_string"}],"inLanguage":"es-MX"},{"@type":["Person","Organization"],"@id":"https:\/\/hectorherrera.mx\/#\/schema\/person\/ca4ab9ce135ba2fb27c2abce64a809ad","name":"H\u00e9ctor Herrera","image":{"@type":"ImageObject","inLanguage":"es-MX","@id":"https:\/\/hectorherrera.mx\/#\/schema\/person\/image\/","url":"https:\/\/hectorherrera.mx\/wp-content\/uploads\/HH-logo-negro.png","contentUrl":"https:\/\/hectorherrera.mx\/wp-content\/uploads\/HH-logo-negro.png","width":64,"height":66,"caption":"H\u00e9ctor Herrera"},"logo":{"@id":"https:\/\/hectorherrera.mx\/#\/schema\/person\/image\/"}}]}},"_links":{"self":[{"href":"https:\/\/hectorherrera.mx\/index.php\/wp-json\/wp\/v2\/pages\/4268"}],"collection":[{"href":"https:\/\/hectorherrera.mx\/index.php\/wp-json\/wp\/v2\/pages"}],"about":[{"href":"https:\/\/hectorherrera.mx\/index.php\/wp-json\/wp\/v2\/types\/page"}],"author":[{"embeddable":true,"href":"https:\/\/hectorherrera.mx\/index.php\/wp-json\/wp\/v2\/users\/1"}],"replies":[{"embeddable":true,"href":"https:\/\/hectorherrera.mx\/index.php\/wp-json\/wp\/v2\/comments?post=4268"}],"version-history":[{"count":4,"href":"https:\/\/hectorherrera.mx\/index.php\/wp-json\/wp\/v2\/pages\/4268\/revisions"}],"predecessor-version":[{"id":4474,"href":"https:\/\/hectorherrera.mx\/index.php\/wp-json\/wp\/v2\/pages\/4268\/revisions\/4474"}],"up":[{"embeddable":true,"href":"https:\/\/hectorherrera.mx\/index.php\/wp-json\/wp\/v2\/pages\/4231"}],"wp:attachment":[{"href":"https:\/\/hectorherrera.mx\/index.php\/wp-json\/wp\/v2\/media?parent=4268"}],"curies":[{"name":"wp","href":"https:\/\/api.w.org\/{rel}","templated":true}]}}