{"id":1618,"date":"2023-02-05T16:51:51","date_gmt":"2023-02-06T00:51:51","guid":{"rendered":"https:\/\/hectorherrera.mx\/?page_id=1618"},"modified":"2023-04-12T19:12:52","modified_gmt":"2023-04-13T03:12:52","slug":"el-artista","status":"publish","type":"page","link":"https:\/\/hectorherrera.mx\/index.php\/el-artista\/","title":{"rendered":"EL ARTISTA"},"content":{"rendered":"<div class=\"fusion-fullwidth fullwidth-box fusion-builder-row-1 fusion-flex-container has-pattern-background has-mask-background nonhundred-percent-fullwidth non-hundred-percent-height-scrolling\" style=\"--awb-border-radius-top-left:0px;--awb-border-radius-top-right:0px;--awb-border-radius-bottom-right:0px;--awb-border-radius-bottom-left:0px;\" ><div class=\"fusion-builder-row fusion-row fusion-flex-align-items-flex-start\" style=\"max-width:1248px;margin-left: calc(-4% \/ 2 );margin-right: calc(-4% \/ 2 );\"><div class=\"fusion-layout-column fusion_builder_column fusion-builder-column-0 fusion_builder_column_1_1 1_1 fusion-flex-column\" style=\"--awb-bg-size:cover;--awb-width-large:100%;--awb-margin-top-large:0px;--awb-spacing-right-large:1.92%;--awb-margin-bottom-large:20px;--awb-spacing-left-large:1.92%;--awb-width-medium:100%;--awb-order-medium:0;--awb-spacing-right-medium:1.92%;--awb-spacing-left-medium:1.92%;--awb-width-small:100%;--awb-order-small:0;--awb-spacing-right-small:1.92%;--awb-spacing-left-small:1.92%;\"><div class=\"fusion-column-wrapper fusion-column-has-shadow fusion-flex-justify-content-flex-start fusion-content-layout-column\"><div class=\"fusion-title title fusion-title-1 fusion-sep-none fusion-title-center fusion-title-text fusion-title-size-one\" style=\"--awb-text-color:var(--awb-color3);--awb-font-size:48px;\"><h1 class=\"title-heading-center\" style=\"margin:0;font-size:1em;\"><p style=\"text-align: center;\">SOBRE EL ARTISTA<\/p><\/h1><\/div><\/div><\/div><div class=\"fusion-layout-column fusion_builder_column fusion-builder-column-1 fusion_builder_column_1_1 1_1 fusion-flex-column\" style=\"--awb-bg-size:cover;--awb-width-large:100%;--awb-margin-top-large:0px;--awb-spacing-right-large:1.92%;--awb-margin-bottom-large:20px;--awb-spacing-left-large:1.92%;--awb-width-medium:100%;--awb-order-medium:0;--awb-spacing-right-medium:1.92%;--awb-spacing-left-medium:1.92%;--awb-width-small:100%;--awb-order-small:0;--awb-spacing-right-small:1.92%;--awb-spacing-left-small:1.92%;\"><div class=\"fusion-column-wrapper fusion-column-has-shadow fusion-flex-justify-content-flex-start fusion-content-layout-column\"><div class=\"fusion-text fusion-text-1\" style=\"--awb-font-size:20px;--awb-text-font-family:&quot;Gruppo&quot;;--awb-text-font-style:normal;--awb-text-font-weight:400;\"><p style=\"text-align: center;\">H\u00e9ctor Herrera nace en la ciudad de M\u00e9xico (1975).<\/p>\n<p style=\"text-align: center;\">Estudi\u00f3 la Lic. en Artes Visuales en la Universidad Nacional Aut\u00f3noma de M\u00e9xico, dentro del programa PAEA en la Antigua Academia de San Carlos; fue becado por la Universidad Polit\u00e9cnica de Valencia para terminar sus estudios profesionales. Ha obtenido la beca de J\u00f3venes hacia la Investigaci\u00f3n por la UNAM.<\/p>\n<\/div><\/div><\/div><div class=\"fusion-layout-column fusion_builder_column fusion-builder-column-2 fusion_builder_column_1_2 1_2 fusion-flex-column\" style=\"--awb-bg-size:cover;--awb-width-large:50%;--awb-margin-top-large:0px;--awb-spacing-right-large:3.84%;--awb-margin-bottom-large:20px;--awb-spacing-left-large:3.84%;--awb-width-medium:50%;--awb-order-medium:0;--awb-spacing-right-medium:3.84%;--awb-spacing-left-medium:3.84%;--awb-width-small:100%;--awb-order-small:0;--awb-spacing-right-small:1.92%;--awb-spacing-left-small:1.92%;\"><div class=\"fusion-column-wrapper fusion-column-has-shadow fusion-flex-justify-content-flex-start fusion-content-layout-column\"><div class=\"fusion-image-element \" style=\"--awb-caption-title-size:var(--h2_typography-font-size);--awb-caption-title-transform:var(--h2_typography-text-transform);--awb-caption-title-line-height:var(--h2_typography-line-height);--awb-caption-title-letter-spacing:var(--h2_typography-letter-spacing);\"><span class=\" fusion-imageframe imageframe-none imageframe-1 hover-type-none\"><img decoding=\"async\" width=\"708\" height=\"886\" title=\"p4_9\" src=\"https:\/\/hectorherrera.mx\/wp-content\/uploads\/p4_9.png\" data-orig-src=\"https:\/\/hectorherrera.mx\/wp-content\/uploads\/p4_9.png\" alt class=\"lazyload img-responsive wp-image-807\" srcset=\"data:image\/svg+xml,%3Csvg%20xmlns%3D%27http%3A%2F%2Fwww.w3.org%2F2000%2Fsvg%27%20width%3D%27708%27%20height%3D%27886%27%20viewBox%3D%270%200%20708%20886%27%3E%3Crect%20width%3D%27708%27%20height%3D%27886%27%20fill-opacity%3D%220%22%2F%3E%3C%2Fsvg%3E\" data-srcset=\"https:\/\/hectorherrera.mx\/wp-content\/uploads\/p4_9-200x250.png 200w, https:\/\/hectorherrera.mx\/wp-content\/uploads\/p4_9-400x501.png 400w, https:\/\/hectorherrera.mx\/wp-content\/uploads\/p4_9-600x751.png 600w, https:\/\/hectorherrera.mx\/wp-content\/uploads\/p4_9.png 708w\" data-sizes=\"auto\" data-orig-sizes=\"(max-width: 640px) 100vw, 600px\" \/><\/span><\/div><\/div><\/div><div class=\"fusion-layout-column fusion_builder_column fusion-builder-column-3 fusion_builder_column_1_2 1_2 fusion-flex-column\" style=\"--awb-bg-size:cover;--awb-width-large:50%;--awb-margin-top-large:0px;--awb-spacing-right-large:3.84%;--awb-margin-bottom-large:20px;--awb-spacing-left-large:3.84%;--awb-width-medium:50%;--awb-order-medium:0;--awb-spacing-right-medium:3.84%;--awb-spacing-left-medium:3.84%;--awb-width-small:100%;--awb-order-small:0;--awb-spacing-right-small:1.92%;--awb-spacing-left-small:1.92%;\"><div class=\"fusion-column-wrapper fusion-column-has-shadow fusion-flex-justify-content-flex-start fusion-content-layout-column\"><div class=\"fusion-text fusion-text-2\"><p>Ha obtenido premios en:<\/p>\n<ul>\n<li>Premio Nacional de Arte Joven, otorgado por el INBA, en el a\u00f1o del 2002<\/li>\n<li>Primer Premio en el Latin American Art Festival, San Diego CA. (2015)<\/li>\n<\/ul>\n<p>Ha obtenido menciones honor\u00edficas en:<\/p>\n<ul>\n<li>Primera Bienal Nacional de Yucat\u00e1n (2002)<\/li>\n<li>Cuarto Concurso Nacional de Artes Pl\u00e1sticas, Galer\u00eda Libertad (2002)<\/li>\n<li>Primera Bienal de pintura Rafael Cauduro, Tijuana (2006)<\/li>\n<li>Annual MexAm\/VSC Artist Fellowship Award Vermont, EUA. (2003, 2006)<\/li>\n<li>XXI Bienal de Baja California. (2019)<\/li>\n<\/ul>\n<p>Ha sido seleccionado en las bienales:<\/p>\n<ul>\n<li>XII Bienal Nacional de Pintura y Grabado Alfredo Zalce XXI Bienal Pl\u00e1stica de Baja California (2017, 2019)<\/li>\n<li>Latin American Art Festival, San Diego CA (2015)<\/li>\n<li>XV Bienal de Artes Visuales del Noroeste. (2015)<\/li>\n<li>IV Bienal Ciudad Ju\u00e1rez El Paso Museum of Art (2015)<\/li>\n<li>Bienal Nacional de Yucat\u00e1n (2009, 2004, 2002)<\/li>\n<li>X Bienal de Dibujo Diego Rivera,Guanajuato, M\u00e9xico (2002)<\/li>\n<li>Primera Bienal Rafael Cauduro, Tijuana (2006)<\/li>\n<li>VII Bienal Internacional de Pintura Fundaci\u00f3n Araguaney, Santiago de Compostela, Espa\u00f1a (2005)<\/li>\n<li>II Bienal Internacional de Dibujo, Joseph Amat, Catalunya, Espa\u00f1a (2003)<\/li>\n<li>Primera Bienal de pintura Rafael Cauduro, Tijuana (2006)<\/li>\n<li>Annual MexAm\/VSC Artist Fellowship Award Vermont, EUA. (2003, 2006)<\/li>\n<li>XXI Bienal de Baja California. (2019)<\/li>\n<\/ul>\n<\/div><\/div><\/div><div class=\"fusion-layout-column fusion_builder_column fusion-builder-column-4 fusion_builder_column_1_5 1_5 fusion-flex-column\" style=\"--awb-bg-size:cover;--awb-width-large:20%;--awb-margin-top-large:0px;--awb-spacing-right-large:9.6%;--awb-margin-bottom-large:20px;--awb-spacing-left-large:9.6%;--awb-width-medium:20%;--awb-order-medium:0;--awb-spacing-right-medium:9.6%;--awb-spacing-left-medium:9.6%;--awb-width-small:100%;--awb-order-small:0;--awb-spacing-right-small:1.92%;--awb-spacing-left-small:1.92%;\"><div class=\"fusion-column-wrapper fusion-column-has-shadow fusion-flex-justify-content-flex-start fusion-content-layout-column\"><\/div><\/div><div class=\"fusion-layout-column fusion_builder_column fusion-builder-column-5 fusion_builder_column_3_5 3_5 fusion-flex-column\" style=\"--awb-bg-size:cover;--awb-width-large:60%;--awb-margin-top-large:0px;--awb-spacing-right-large:3.2%;--awb-margin-bottom-large:60px;--awb-spacing-left-large:3.2%;--awb-width-medium:60%;--awb-order-medium:0;--awb-spacing-right-medium:3.2%;--awb-spacing-left-medium:3.2%;--awb-width-small:100%;--awb-order-small:0;--awb-spacing-right-small:1.92%;--awb-spacing-left-small:1.92%;\"><div class=\"fusion-column-wrapper fusion-column-has-shadow fusion-flex-justify-content-flex-start fusion-content-layout-column\"><div class=\"fusion-text fusion-text-3\"><p>(2010), Reunion Island en la Bienal of ADCNI, Francia (2009), en Santiago de Chile (2001, 2007) Paradores Nacionales, Madrid (1998). Su obra se ha expuesto en M\u00e9xico, Estados Unidos, Chile, Espa\u00f1a, Brasil y Francia. Actualmente radica en Ensenada Baja California, donde coordina el Centro de Residencias e Intercambios Art\u00edsticos (CRIA).<\/p>\n<\/div><div style=\"text-align:center;\"><a class=\"fusion-button button-flat fusion-button-default-size button-default fusion-button-default button-1 fusion-button-default-span fusion-button-default-type\" style=\"--button-border-radius-top-left:0;--button-border-radius-top-right:0;--button-border-radius-bottom-right:0;--button-border-radius-bottom-left:0;\" target=\"_self\" href=\"https:\/\/hectorherrera.mx\/index.php\/contacto\/\"><span class=\"fusion-button-text\">CONTACTO<\/span><\/a><\/div><div class=\"fusion-video fusion-youtube\" style=\"--awb-max-width:700px;--awb-max-height:400px;--awb-align-self:center;--awb-width:100%;--awb-margin-top:40px;\"><div class=\"video-shortcode\"><div class=\"fluid-width-video-wrapper\" style=\"padding-top:57.14%;\" ><iframe class=\"lazyload\" title=\"YouTube video player 1\" src=\"data:image\/svg+xml,%3Csvg%20xmlns%3D%27http%3A%2F%2Fwww.w3.org%2F2000%2Fsvg%27%20width%3D%27700%27%20height%3D%27400%27%20viewBox%3D%270%200%20700%20400%27%3E%3Crect%20width%3D%27700%27%20height%3D%27400%27%20fill-opacity%3D%220%22%2F%3E%3C%2Fsvg%3E\" data-orig-src=\"https:\/\/www.youtube.com\/embed\/n_OcwTcPl-E?wmode=transparent&autoplay=0\" width=\"700\" height=\"400\" allowfullscreen allow=\"autoplay; fullscreen\"><\/iframe><\/div><\/div><\/div><\/div><\/div><div class=\"fusion-layout-column fusion_builder_column fusion-builder-column-6 fusion_builder_column_1_5 1_5 fusion-flex-column\" style=\"--awb-bg-size:cover;--awb-width-large:20%;--awb-margin-top-large:0px;--awb-spacing-right-large:9.6%;--awb-margin-bottom-large:20px;--awb-spacing-left-large:9.6%;--awb-width-medium:20%;--awb-order-medium:0;--awb-spacing-right-medium:9.6%;--awb-spacing-left-medium:9.6%;--awb-width-small:100%;--awb-order-small:0;--awb-spacing-right-small:1.92%;--awb-spacing-left-small:1.92%;\"><div class=\"fusion-column-wrapper fusion-column-has-shadow fusion-flex-justify-content-flex-start fusion-content-layout-column\"><\/div><\/div><\/div><\/div>\n","protected":false},"excerpt":{"rendered":"","protected":false},"author":1,"featured_media":0,"parent":0,"menu_order":0,"comment_status":"closed","ping_status":"closed","template":"","meta":[],"yoast_head":"<!-- This site is optimized with the Yoast SEO plugin v20.8 - https:\/\/yoast.com\/wordpress\/plugins\/seo\/ -->\n<title>EL ARTISTA - Hector Herrera<\/title>\n<meta name=\"robots\" content=\"index, follow, max-snippet:-1, max-image-preview:large, max-video-preview:-1\" \/>\n<link rel=\"canonical\" href=\"https:\/\/hectorherrera.mx\/index.php\/el-artista\/\" \/>\n<meta property=\"og:locale\" content=\"es_MX\" \/>\n<meta property=\"og:type\" content=\"article\" \/>\n<meta property=\"og:title\" content=\"EL ARTISTA - Hector Herrera\" \/>\n<meta property=\"og:url\" content=\"https:\/\/hectorherrera.mx\/index.php\/el-artista\/\" \/>\n<meta property=\"og:site_name\" content=\"Hector Herrera\" \/>\n<meta property=\"article:modified_time\" content=\"2023-04-13T03:12:52+00:00\" \/>\n<meta name=\"twitter:card\" content=\"summary_large_image\" \/>\n<meta name=\"twitter:label1\" content=\"Tiempo de lectura\" \/>\n\t<meta name=\"twitter:data1\" content=\"6 minutos\" \/>\n<script type=\"application\/ld+json\" class=\"yoast-schema-graph\">{\"@context\":\"https:\/\/schema.org\",\"@graph\":[{\"@type\":\"WebPage\",\"@id\":\"https:\/\/hectorherrera.mx\/index.php\/el-artista\/\",\"url\":\"https:\/\/hectorherrera.mx\/index.php\/el-artista\/\",\"name\":\"EL ARTISTA - Hector Herrera\",\"isPartOf\":{\"@id\":\"https:\/\/hectorherrera.mx\/#website\"},\"datePublished\":\"2023-02-06T00:51:51+00:00\",\"dateModified\":\"2023-04-13T03:12:52+00:00\",\"breadcrumb\":{\"@id\":\"https:\/\/hectorherrera.mx\/index.php\/el-artista\/#breadcrumb\"},\"inLanguage\":\"es-MX\",\"potentialAction\":[{\"@type\":\"ReadAction\",\"target\":[\"https:\/\/hectorherrera.mx\/index.php\/el-artista\/\"]}]},{\"@type\":\"BreadcrumbList\",\"@id\":\"https:\/\/hectorherrera.mx\/index.php\/el-artista\/#breadcrumb\",\"itemListElement\":[{\"@type\":\"ListItem\",\"position\":1,\"name\":\"Inicio\",\"item\":\"https:\/\/hectorherrera.mx\/\"},{\"@type\":\"ListItem\",\"position\":2,\"name\":\"EL ARTISTA\"}]},{\"@type\":\"WebSite\",\"@id\":\"https:\/\/hectorherrera.mx\/#website\",\"url\":\"https:\/\/hectorherrera.mx\/\",\"name\":\"Hector Herrera\",\"description\":\"Artista pl\u00e1stico\",\"publisher\":{\"@id\":\"https:\/\/hectorherrera.mx\/#\/schema\/person\/ca4ab9ce135ba2fb27c2abce64a809ad\"},\"potentialAction\":[{\"@type\":\"SearchAction\",\"target\":{\"@type\":\"EntryPoint\",\"urlTemplate\":\"https:\/\/hectorherrera.mx\/?s={search_term_string}\"},\"query-input\":\"required name=search_term_string\"}],\"inLanguage\":\"es-MX\"},{\"@type\":[\"Person\",\"Organization\"],\"@id\":\"https:\/\/hectorherrera.mx\/#\/schema\/person\/ca4ab9ce135ba2fb27c2abce64a809ad\",\"name\":\"H\u00e9ctor Herrera\",\"image\":{\"@type\":\"ImageObject\",\"inLanguage\":\"es-MX\",\"@id\":\"https:\/\/hectorherrera.mx\/#\/schema\/person\/image\/\",\"url\":\"https:\/\/hectorherrera.mx\/wp-content\/uploads\/HH-logo-negro.png\",\"contentUrl\":\"https:\/\/hectorherrera.mx\/wp-content\/uploads\/HH-logo-negro.png\",\"width\":64,\"height\":66,\"caption\":\"H\u00e9ctor Herrera\"},\"logo\":{\"@id\":\"https:\/\/hectorherrera.mx\/#\/schema\/person\/image\/\"}}]}<\/script>\n<!-- \/ Yoast SEO plugin. -->","yoast_head_json":{"title":"EL ARTISTA - Hector Herrera","robots":{"index":"index","follow":"follow","max-snippet":"max-snippet:-1","max-image-preview":"max-image-preview:large","max-video-preview":"max-video-preview:-1"},"canonical":"https:\/\/hectorherrera.mx\/index.php\/el-artista\/","og_locale":"es_MX","og_type":"article","og_title":"EL ARTISTA - Hector Herrera","og_url":"https:\/\/hectorherrera.mx\/index.php\/el-artista\/","og_site_name":"Hector Herrera","article_modified_time":"2023-04-13T03:12:52+00:00","twitter_card":"summary_large_image","twitter_misc":{"Tiempo de lectura":"6 minutos"},"schema":{"@context":"https:\/\/schema.org","@graph":[{"@type":"WebPage","@id":"https:\/\/hectorherrera.mx\/index.php\/el-artista\/","url":"https:\/\/hectorherrera.mx\/index.php\/el-artista\/","name":"EL ARTISTA - Hector Herrera","isPartOf":{"@id":"https:\/\/hectorherrera.mx\/#website"},"datePublished":"2023-02-06T00:51:51+00:00","dateModified":"2023-04-13T03:12:52+00:00","breadcrumb":{"@id":"https:\/\/hectorherrera.mx\/index.php\/el-artista\/#breadcrumb"},"inLanguage":"es-MX","potentialAction":[{"@type":"ReadAction","target":["https:\/\/hectorherrera.mx\/index.php\/el-artista\/"]}]},{"@type":"BreadcrumbList","@id":"https:\/\/hectorherrera.mx\/index.php\/el-artista\/#breadcrumb","itemListElement":[{"@type":"ListItem","position":1,"name":"Inicio","item":"https:\/\/hectorherrera.mx\/"},{"@type":"ListItem","position":2,"name":"EL ARTISTA"}]},{"@type":"WebSite","@id":"https:\/\/hectorherrera.mx\/#website","url":"https:\/\/hectorherrera.mx\/","name":"Hector Herrera","description":"Artista pl\u00e1stico","publisher":{"@id":"https:\/\/hectorherrera.mx\/#\/schema\/person\/ca4ab9ce135ba2fb27c2abce64a809ad"},"potentialAction":[{"@type":"SearchAction","target":{"@type":"EntryPoint","urlTemplate":"https:\/\/hectorherrera.mx\/?s={search_term_string}"},"query-input":"required name=search_term_string"}],"inLanguage":"es-MX"},{"@type":["Person","Organization"],"@id":"https:\/\/hectorherrera.mx\/#\/schema\/person\/ca4ab9ce135ba2fb27c2abce64a809ad","name":"H\u00e9ctor Herrera","image":{"@type":"ImageObject","inLanguage":"es-MX","@id":"https:\/\/hectorherrera.mx\/#\/schema\/person\/image\/","url":"https:\/\/hectorherrera.mx\/wp-content\/uploads\/HH-logo-negro.png","contentUrl":"https:\/\/hectorherrera.mx\/wp-content\/uploads\/HH-logo-negro.png","width":64,"height":66,"caption":"H\u00e9ctor Herrera"},"logo":{"@id":"https:\/\/hectorherrera.mx\/#\/schema\/person\/image\/"}}]}},"_links":{"self":[{"href":"https:\/\/hectorherrera.mx\/index.php\/wp-json\/wp\/v2\/pages\/1618"}],"collection":[{"href":"https:\/\/hectorherrera.mx\/index.php\/wp-json\/wp\/v2\/pages"}],"about":[{"href":"https:\/\/hectorherrera.mx\/index.php\/wp-json\/wp\/v2\/types\/page"}],"author":[{"embeddable":true,"href":"https:\/\/hectorherrera.mx\/index.php\/wp-json\/wp\/v2\/users\/1"}],"replies":[{"embeddable":true,"href":"https:\/\/hectorherrera.mx\/index.php\/wp-json\/wp\/v2\/comments?post=1618"}],"version-history":[{"count":15,"href":"https:\/\/hectorherrera.mx\/index.php\/wp-json\/wp\/v2\/pages\/1618\/revisions"}],"predecessor-version":[{"id":4044,"href":"https:\/\/hectorherrera.mx\/index.php\/wp-json\/wp\/v2\/pages\/1618\/revisions\/4044"}],"wp:attachment":[{"href":"https:\/\/hectorherrera.mx\/index.php\/wp-json\/wp\/v2\/media?parent=1618"}],"curies":[{"name":"wp","href":"https:\/\/api.w.org\/{rel}","templated":true}]}}